{"id":1339,"date":"2020-02-17T20:55:06","date_gmt":"2020-02-17T20:55:06","guid":{"rendered":"https:\/\/www.rswoptimisation.ca\/contact-us\/online-quote\/"},"modified":"2020-02-17T20:55:06","modified_gmt":"2020-02-17T20:55:06","slug":"online-quote","status":"publish","type":"page","link":"https:\/\/www.rswoptimisation.ca\/en\/contact-us\/online-quote\/","title":{"rendered":"Online quote"},"content":{"rendered":"<div class=\"wpb-content-wrapper\"><p>[vc_row css_animation=&#8221;&#8221; row_type=&#8221;row&#8221; use_row_as_full_screen_section=&#8221;no&#8221; type=&#8221;full_width&#8221; angled_section=&#8221;no&#8221; text_align=&#8221;left&#8221; background_image_as_pattern=&#8221;without_pattern&#8221;][vc_column][vc_column_text]<br \/>\nThe quote request form will help us target your needs and allow us to quickly see how our facilities can help you.<\/p>\n<p>Complete the sections below and a specialist will contact you shortly!<br \/>\n[\/vc_column_text][vc_empty_space][\/vc_column][\/vc_row][vc_row css_animation=&#8221;&#8221; row_type=&#8221;row&#8221; use_row_as_full_screen_section=&#8221;no&#8221; type=&#8221;full_width&#8221; angled_section=&#8221;no&#8221; text_align=&#8221;left&#8221; background_image_as_pattern=&#8221;without_pattern&#8221;][vc_column]<div class=\"qode-accordion-holder clearfix qode-accordion qode-initial \">\n\t<h3 class=\"clearfix qode-title-holder\">\n<span class=\"qode-tab-title\">\n\t    <span class=\"qode-tab-title-inner\">\n        The Quote request form    <\/span>\n<\/span>\n<span class=\"qode-accordion-mark\">\n    <span class=\"qode-accordion-mark-icon\">\n        <span class=\"icon_plus\"><\/span>\n        <span class=\"icon_minus-06\"><\/span>\n    <\/span>\n<\/span>\n<\/h3>\n<div id = soumission class=\"qode-accordion-content \" >\n    <div class=\"qode-accordion-content-inner\">\n        \n<div class=\"wpcf7 no-js\" id=\"wpcf7-f5-o1\" lang=\"fr-FR\" dir=\"ltr\" data-wpcf7-id=\"5\">\n<div class=\"screen-reader-response\"><p role=\"status\" aria-live=\"polite\" aria-atomic=\"true\"><\/p> <ul><\/ul><\/div>\n<form action=\"\/en\/wp-json\/wp\/v2\/pages\/1339#wpcf7-f5-o1\" method=\"post\" class=\"wpcf7-form init default\" aria-label=\"Formulaire de contact\" enctype=\"multipart\/form-data\" novalidate=\"novalidate\" data-status=\"init\">\n<fieldset class=\"hidden-fields-container\"><input type=\"hidden\" name=\"_wpcf7\" value=\"5\" \/><input type=\"hidden\" name=\"_wpcf7_version\" value=\"6.1.4\" \/><input type=\"hidden\" name=\"_wpcf7_locale\" value=\"fr_FR\" \/><input type=\"hidden\" name=\"_wpcf7_unit_tag\" value=\"wpcf7-f5-o1\" \/><input type=\"hidden\" name=\"_wpcf7_container_post\" value=\"0\" \/><input type=\"hidden\" name=\"_wpcf7_posted_data_hash\" value=\"\" \/><input type=\"hidden\" name=\"_wpcf7_recaptcha_response\" value=\"\" \/>\n<\/fieldset>\n<div class=\"vc_row wpb_row section vc_row-fluid \">\n\t<div class=\" full_section_inner clearfix\">\n\t\t<div class=\"wpb_column vc_column_container vc_col-sm-6\">\n\t\t\t<div class=\"vc_column-inner \">\n\t\t\t\t<div class=\"wpb_wrapper\">\n<label> Nom de l\u2019organisation (requis)\n    <span class=\"wpcf7-form-control-wrap\" data-name=\"nom-organisation\"><input size=\"40\" maxlength=\"400\" class=\"wpcf7-form-control wpcf7-text wpcf7-validates-as-required\" aria-required=\"true\" aria-invalid=\"false\" value=\"\" type=\"text\" name=\"nom-organisation\" \/><\/span> <\/label>\n\t\t\t\t<\/div>\n\t\t\t<\/div>\n\t\t<\/div>\n\t\t<div class=\"wpb_column vc_column_container vc_col-sm-6\">\n\t\t\t<div class=\"vc_column-inner \">\n\t\t\t\t<div class=\"wpb_wrapper\">\n<label> Votre Nom (requis)\n    <span class=\"wpcf7-form-control-wrap\" data-name=\"votre-nome\"><input size=\"40\" maxlength=\"400\" class=\"wpcf7-form-control wpcf7-text wpcf7-validates-as-required\" aria-required=\"true\" aria-invalid=\"false\" value=\"\" type=\"text\" name=\"votre-nome\" \/><\/span> <\/label>\n\t\t\t\t<\/div>\n\t\t\t<\/div>\n\t\t<\/div>\n\t<\/div>\n<\/div>\n\n\n<div class=\"vc_row wpb_row section vc_row-fluid \">\n\t<div class=\" full_section_inner clearfix\">\n\t\t<div class=\"wpb_column vc_column_container vc_col-sm-6\">\n\t\t\t<div class=\"vc_column-inner \">\n\t\t\t\t<div class=\"wpb_wrapper\">\n<label> Votre t\u00e9l\u00e9phone (requis)\n   <span class=\"wpcf7-form-control-wrap\" data-name=\"votre-tel\"><input size=\"40\" maxlength=\"400\" class=\"wpcf7-form-control wpcf7-tel wpcf7-validates-as-required wpcf7-text wpcf7-validates-as-tel\" aria-required=\"true\" aria-invalid=\"false\" value=\"\" type=\"tel\" name=\"votre-tel\" \/><\/span> <\/label>\n\t\t\t\t<\/div>\n\t\t\t<\/div>\n\t\t<\/div>\n\t\t<div class=\"wpb_column vc_column_container vc_col-sm-6\">\n\t\t\t<div class=\"vc_column-inner \">\n\t\t\t\t<div class=\"wpb_wrapper\">\n<label> Votre courriel (requis)\n    <span class=\"wpcf7-form-control-wrap\" data-name=\"votre-courriel\"><input size=\"40\" maxlength=\"400\" class=\"wpcf7-form-control wpcf7-email wpcf7-validates-as-required wpcf7-text wpcf7-validates-as-email\" aria-required=\"true\" aria-invalid=\"false\" value=\"\" type=\"email\" name=\"votre-courriel\" \/><\/span> <\/label>\n\t\t\t\t<\/div>\n\t\t\t<\/div>\n\t\t<\/div>\n\t<\/div>\n<\/div>\n\n\n\n<div class=\"vc_row wpb_row section vc_row-fluid \">\n\t<div class=\" full_section_inner clearfix\">\n\t\t<div class=\"wpb_column vc_column_container vc_col-sm-6\">\n\t\t\t<div class=\"vc_column-inner \">\n\t\t\t\t<div class=\"wpb_wrapper\">\n<label> Type de b\u00e2timent\u00a0\n<span class=\"wpcf7-form-control-wrap\" data-name=\"type-batiment\"><select class=\"wpcf7-form-control wpcf7-select\" aria-invalid=\"false\" name=\"type-batiment\"><option value=\"Usine\">Usine<\/option><option value=\"Immeuble commercial\/ \u00e0 logement\">Immeuble commercial\/ \u00e0 logement<\/option><option value=\"Institutionnel (\u00c9cole\/h\u00f4pital\/r\u00e9sidence)\">Institutionnel (\u00c9cole\/h\u00f4pital\/r\u00e9sidence)<\/option><option value=\"Autre\">Autre<\/option><\/select><\/span><\/label>\n\t\t\t\t<\/div>\n\t\t\t<\/div>\n\t\t<\/div>\n\t\t<div class=\"wpb_column vc_column_container vc_col-sm-6\">\n\t\t\t<div class=\"vc_column-inner \">\n\t\t\t\t<div class=\"wpb_wrapper\">\n<label> si autre pr\u00e9cisez\n<span class=\"wpcf7-form-control-wrap\" data-name=\"type-batiment-autre\"><input size=\"40\" maxlength=\"400\" class=\"wpcf7-form-control wpcf7-text\" aria-invalid=\"false\" value=\"\" type=\"text\" name=\"type-batiment-autre\" \/><\/span><\/label>\n\t\t\t\t<\/div>\n\t\t\t<\/div>\n\t\t<\/div>\n\t<\/div>\n<\/div>\n\nJours ouvr\u00e9s\n<div class=\"vc_row wpb_row section vc_row-fluid \">\n\t<div class=\" full_section_inner clearfix\">\n\t\t<div class=\"wpb_column vc_column_container vc_col-sm-6\">\n\t\t\t<div class=\"vc_column-inner \">\n\t\t\t\t<div class=\"wpb_wrapper\">\n<label> Heures par jour\n<span class=\"wpcf7-form-control-wrap\" data-name=\"heures-par-jour\"><input size=\"40\" maxlength=\"400\" class=\"wpcf7-form-control wpcf7-text\" aria-invalid=\"false\" value=\"\" type=\"text\" name=\"heures-par-jour\" \/><\/span> <\/label>\n\t\t\t\t<\/div>\n\t\t\t<\/div>\n\t\t<\/div>\n\t\t<div class=\"wpb_column vc_column_container vc_col-sm-6\">\n\t\t\t<div class=\"vc_column-inner \">\n\t\t\t\t<div class=\"wpb_wrapper\">\n<label> Jours par semaine\n<span class=\"wpcf7-form-control-wrap\" data-name=\"jours-par-semaine\"><input size=\"40\" maxlength=\"400\" class=\"wpcf7-form-control wpcf7-text\" aria-invalid=\"false\" value=\"\" type=\"text\" name=\"jours-par-semaine\" \/><\/span> <\/label>\n\t\t\t\t<\/div>\n\t\t\t<\/div>\n\t\t<\/div>\n\t<\/div>\n<\/div>\n\n<div class=\"vc_row wpb_row section vc_row-fluid \">\n\t<div class=\" full_section_inner clearfix\">\n\t\t<div class=\"wpb_column vc_column_container vc_col-sm-6\">\n\t\t\t<div class=\"vc_column-inner \">\n\t\t\t\t<div class=\"wpb_wrapper\">\n<label> Type de chauffage\u00a0<\/label>\n<span class=\"wpcf7-form-control-wrap\" data-name=\"type-chauffage\"><span class=\"wpcf7-form-control wpcf7-checkbox\"><span class=\"wpcf7-list-item first\"><input type=\"checkbox\" name=\"type-chauffage[]\" value=\"Plinthe \u00e9lectrique\" \/><span class=\"wpcf7-list-item-label\">Plinthe \u00e9lectrique<\/span><\/span><span class=\"wpcf7-list-item\"><input type=\"checkbox\" name=\"type-chauffage[]\" value=\"Unit\u00e9s de toit\" \/><span class=\"wpcf7-list-item-label\">Unit\u00e9s de toit<\/span><\/span><span class=\"wpcf7-list-item\"><input type=\"checkbox\" name=\"type-chauffage[]\" value=\"Thermopompe\" \/><span class=\"wpcf7-list-item-label\">Thermopompe<\/span><\/span><span class=\"wpcf7-list-item\"><input type=\"checkbox\" name=\"type-chauffage[]\" value=\"Vapeur\" \/><span class=\"wpcf7-list-item-label\">Vapeur<\/span><\/span><span class=\"wpcf7-list-item\"><input type=\"checkbox\" name=\"type-chauffage[]\" value=\"Eau Chaude\" \/><span class=\"wpcf7-list-item-label\">Eau Chaude<\/span><\/span><span class=\"wpcf7-list-item last\"><input type=\"checkbox\" name=\"type-chauffage[]\" value=\"Autre\" \/><span class=\"wpcf7-list-item-label\">Autre<\/span><\/span><\/span><\/span>\n\t\t\t\t<\/div>\n\t\t\t<\/div>\n\t\t<\/div>\n\t\t<div class=\"wpb_column vc_column_container vc_col-sm-6\">\n\t\t\t<div class=\"vc_column-inner \">\n\t\t\t\t<div class=\"wpb_wrapper\">\n<label> si autre pr\u00e9cisez\n<span class=\"wpcf7-form-control-wrap\" data-name=\"type-chauffage-autre\"><input size=\"40\" maxlength=\"400\" class=\"wpcf7-form-control wpcf7-text\" aria-invalid=\"false\" value=\"\" type=\"text\" name=\"type-chauffage-autre\" \/><\/span><\/label>\n\t\t\t\t<\/div>\n\t\t\t<\/div>\n\t\t<\/div>\n\t<\/div>\n<\/div>\n\n\n\n<div class=\"vc_row wpb_row section vc_row-fluid \">\n\t<div class=\" full_section_inner clearfix\">\n\t\t<div class=\"wpb_column vc_column_container vc_col-sm-6\">\n\t\t\t<div class=\"vc_column-inner \">\n\t\t\t\t<div class=\"wpb_wrapper\">\n<label> Type d\u2019\u00e9nergie\u00a0<\/label>\n<span class=\"wpcf7-form-control-wrap\" data-name=\"type-energie\"><span class=\"wpcf7-form-control wpcf7-checkbox\"><span class=\"wpcf7-list-item first\"><input type=\"checkbox\" name=\"type-energie[]\" value=\"\u00c9lectricit\u00e9\" \/><span class=\"wpcf7-list-item-label\">\u00c9lectricit\u00e9<\/span><\/span><span class=\"wpcf7-list-item\"><input type=\"checkbox\" name=\"type-energie[]\" value=\"Mazout\" \/><span class=\"wpcf7-list-item-label\">Mazout<\/span><\/span><span class=\"wpcf7-list-item\"><input type=\"checkbox\" name=\"type-energie[]\" value=\"Gaz naturel\" \/><span class=\"wpcf7-list-item-label\">Gaz naturel<\/span><\/span><span class=\"wpcf7-list-item\"><input type=\"checkbox\" name=\"type-energie[]\" value=\"Propane\" \/><span class=\"wpcf7-list-item-label\">Propane<\/span><\/span><span class=\"wpcf7-list-item last\"><input type=\"checkbox\" name=\"type-energie[]\" value=\"Autre\" \/><span class=\"wpcf7-list-item-label\">Autre<\/span><\/span><\/span><\/span>\n\t\t\t\t<\/div>\n\t\t\t<\/div>\n\t\t<\/div>\n\t\t<div class=\"wpb_column vc_column_container vc_col-sm-6\">\n\t\t\t<div class=\"vc_column-inner \">\n\t\t\t\t<div class=\"wpb_wrapper\">\n<label> si autre pr\u00e9cisez\n<span class=\"wpcf7-form-control-wrap\" data-name=\"type-energie-autre\"><input size=\"40\" maxlength=\"400\" class=\"wpcf7-form-control wpcf7-text\" aria-invalid=\"false\" value=\"\" type=\"text\" name=\"type-energie-autre\" \/><\/span><\/label>\n\t\t\t\t<\/div>\n\t\t\t<\/div>\n\t\t<\/div>\n\t<\/div>\n<\/div>\n\n\n\n\n<div class=\"vc_row wpb_row section vc_row-fluid \">\n\t<div class=\" full_section_inner clearfix\">\n\t\t<div class=\"wpb_column vc_column_container vc_col-sm-6\">\n\t\t\t<div class=\"vc_column-inner \">\n\t\t\t\t<div class=\"wpb_wrapper\">\n<label> Avez-vous une g\u00e9n\u00e9ratrice?\u00a0<\/label>\n<span class=\"wpcf7-form-control-wrap\" data-name=\"generatrice\"><span class=\"wpcf7-form-control wpcf7-radio\"><span class=\"wpcf7-list-item first\"><input type=\"radio\" name=\"generatrice\" value=\"Oui\" checked=\"checked\" \/><span class=\"wpcf7-list-item-label\">Oui<\/span><\/span><span class=\"wpcf7-list-item last\"><input type=\"radio\" name=\"generatrice\" value=\"Non\" \/><span class=\"wpcf7-list-item-label\">Non<\/span><\/span><\/span><\/span>\n\t\t\t\t<\/div>\n\t\t\t<\/div>\n\t\t<\/div>\n\t\t<div class=\"wpb_column vc_column_container vc_col-sm-6\">\n\t\t\t<div class=\"vc_column-inner \">\n\t\t\t\t<div class=\"wpb_wrapper\">\n<label> Capacit\u00e9 (kVa) de la g\u00e9n\u00e9ratrice\n<span class=\"wpcf7-form-control-wrap\" data-name=\"capacite-generatrice\"><input size=\"40\" maxlength=\"400\" class=\"wpcf7-form-control wpcf7-text\" aria-invalid=\"false\" value=\"\" type=\"text\" name=\"capacite-generatrice\" \/><\/span><\/label>\n\t\t\t\t<\/div>\n\t\t\t<\/div>\n\t\t<\/div>\n\t<\/div>\n<\/div>\n<div class=\"vc_row wpb_row section vc_row-fluid \">\n\t<div class=\" full_section_inner clearfix\">\n\t\t<div class=\"wpb_column vc_column_container vc_col-sm-6\">\n\t\t\t<div class=\"vc_column-inner \">\n\t\t\t\t<div class=\"wpb_wrapper\">\n\n<label> Superficie du b\u00e2timent en pi2 (espace habitable)\u00a0<\/label>\n<span class=\"wpcf7-form-control-wrap\" data-name=\"superficie-batiment\"><input size=\"40\" maxlength=\"400\" class=\"wpcf7-form-control wpcf7-text\" aria-invalid=\"false\" value=\"\" type=\"text\" name=\"superficie-batiment\" \/><\/span>\n\n\t\t\t\t<\/div>\n\t\t\t<\/div>\n\t\t<\/div>\n\t\t<div class=\"wpb_column vc_column_container vc_col-sm-6\">\n\t\t\t<div class=\"vc_column-inner \">\n\t\t\t\t<div class=\"wpb_wrapper\">\n\t\t\t\t<\/div>\n\t\t\t<\/div>\n\t\t<\/div>\n\t<\/div>\n<\/div>\n\n<div class=\"vc_row wpb_row section vc_row-fluid \">\n\t<div class=\" full_section_inner clearfix\">\n\t\t<div class=\"wpb_column vc_column_container vc_col-sm-6\">\n\t\t\t<div class=\"vc_column-inner \">\n\t\t\t\t<div class=\"wpb_wrapper\">\n<label> \u00c9quipements \u00e9nergivores <\/label>\n<span class=\"wpcf7-form-control-wrap\" data-name=\"equipements-energivores\"><span class=\"wpcf7-form-control wpcf7-checkbox\"><span class=\"wpcf7-list-item first\"><input type=\"checkbox\" name=\"equipements-energivores[]\" value=\"Chaudi\u00e8res (chauffage)\" \/><span class=\"wpcf7-list-item-label\">Chaudi\u00e8res (chauffage)<\/span><\/span><span class=\"wpcf7-list-item\"><input type=\"checkbox\" name=\"equipements-energivores[]\" value=\"Chaudi\u00e8res (production)\" \/><span class=\"wpcf7-list-item-label\">Chaudi\u00e8res (production)<\/span><\/span><span class=\"wpcf7-list-item\"><input type=\"checkbox\" name=\"equipements-energivores[]\" value=\"Climatisation\" \/><span class=\"wpcf7-list-item-label\">Climatisation<\/span><\/span><span class=\"wpcf7-list-item\"><input type=\"checkbox\" name=\"equipements-energivores[]\" value=\"Fours industriels\" \/><span class=\"wpcf7-list-item-label\">Fours industriels<\/span><\/span><span class=\"wpcf7-list-item\"><input type=\"checkbox\" name=\"equipements-energivores[]\" value=\"Compresseurs\" \/><span class=\"wpcf7-list-item-label\">Compresseurs<\/span><\/span><span class=\"wpcf7-list-item last\"><input type=\"checkbox\" name=\"equipements-energivores[]\" value=\"Autres\" \/><span class=\"wpcf7-list-item-label\">Autres<\/span><\/span><\/span><\/span>\n\t\t\t\t<\/div>\n\t\t\t<\/div>\n\t\t<\/div>\n\t\t<div class=\"wpb_column vc_column_container vc_col-sm-6\">\n\t\t\t<div class=\"vc_column-inner \">\n\t\t\t\t<div class=\"wpb_wrapper\">\n<label> si autre pr\u00e9cisez\n<span class=\"wpcf7-form-control-wrap\" data-name=\"equipements-energivores-autre\"><input size=\"40\" maxlength=\"400\" class=\"wpcf7-form-control wpcf7-text\" aria-invalid=\"false\" value=\"\" type=\"text\" name=\"equipements-energivores-autre\" \/><\/span>\n<\/label>\n\t\t\t\t<\/div>\n\t\t\t<\/div>\n\t\t<\/div>\n\t<\/div>\n<\/div>\n\n<div class=\"vc_row wpb_row section vc_row-fluid \">\n\t<div class=\" full_section_inner clearfix\">\n\t\t<div class=\"wpb_column vc_column_container vc_col-sm-6\">\n\t\t\t<div class=\"vc_column-inner \">\n\t\t\t\t<div class=\"wpb_wrapper\">\n<label> Facture Hydro-Qu\u00e9bec d\u00e9taill\u00e9e (page 2 et 3)\u00a0<\/label>\n<span class=\"wpcf7-form-control-wrap\" data-name=\"facture-detaille\"><input size=\"40\" class=\"wpcf7-form-control wpcf7-file\" accept=\"audio\/*,video\/*,image\/*\" aria-invalid=\"false\" type=\"file\" name=\"facture-detaille\" \/><\/span>\n\t\t\t\t<\/div>\n\t\t\t<\/div>\n\t\t<\/div>\n\t\t<div class=\"wpb_column vc_column_container vc_col-sm-6\">\n\t\t\t<div class=\"vc_column-inner \">\n\t\t\t\t<div class=\"wpb_wrapper\">\n<label> Facture des \u00e9nergies compl\u00e9mentaires\u00a0(avec consommation ant\u00e9rieure par litre ou m3 et montant avant taxe)<\/label>\n<span class=\"wpcf7-form-control-wrap\" data-name=\"facture-complementaire\"><input size=\"40\" class=\"wpcf7-form-control wpcf7-file\" accept=\"audio\/*,video\/*,image\/*\" aria-invalid=\"false\" type=\"file\" name=\"facture-complementaire\" \/><\/span>\n\n\t\t\t\t<\/div>\n\t\t\t<\/div>\n\t\t<\/div>\n\t<\/div>\n<\/div>\n\n\n\n<input class=\"wpcf7-form-control wpcf7-submit has-spinner\" type=\"submit\" value=\"Envoyer\" \/><div class=\"wpcf7-response-output\" aria-hidden=\"true\"><\/div>\n<\/form>\n<\/div>\n    <\/div>\n<\/div><\/div>[\/vc_column][\/vc_row]<\/p>\n<\/div>","protected":false},"excerpt":{"rendered":"<p>[vc_row css_animation=&#8221;&#8221; row_type=&#8221;row&#8221; use_row_as_full_screen_section=&#8221;no&#8221; type=&#8221;full_width&#8221; angled_section=&#8221;no&#8221; text_align=&#8221;left&#8221; background_image_as_pattern=&#8221;without_pattern&#8221;][vc_column][vc_column_text] The quote request form will help us target your needs and allow us to quickly see how our facilities can help you. Complete the sections below and a specialist will contact you shortly! [\/vc_column_text][vc_empty_space][\/vc_column][\/vc_row][vc_row css_animation=&#8221;&#8221; row_type=&#8221;row&#8221; use_row_as_full_screen_section=&#8221;no&#8221;&#8230;<\/p>\n","protected":false},"author":2,"featured_media":1310,"parent":1337,"menu_order":0,"comment_status":"closed","ping_status":"closed","template":"","meta":{"_monsterinsights_skip_tracking":false,"_monsterinsights_sitenote_active":false,"_monsterinsights_sitenote_note":"","_monsterinsights_sitenote_category":0,"footnotes":""},"class_list":["post-1339","page","type-page","status-publish","has-post-thumbnail","hentry"],"yoast_head":"<!-- This site is optimized with the Yoast SEO plugin v26.8 - https:\/\/yoast.com\/product\/yoast-seo-wordpress\/ -->\n<title>Online quote - RSW Optimisation -Energy Savings<\/title>\n<meta name=\"description\" content=\"Online Application form - Contact our specialists - Personalized service tailored to your needs - Savings\" \/>\n<meta name=\"robots\" content=\"index, follow, max-snippet:-1, max-image-preview:large, max-video-preview:-1\" \/>\n<link rel=\"canonical\" href=\"https:\/\/www.rswoptimisation.ca\/en\/contact-us\/online-quote\/\" \/>\n<meta property=\"og:locale\" content=\"en_US\" \/>\n<meta property=\"og:type\" content=\"article\" \/>\n<meta property=\"og:title\" content=\"Online quote - RSW Optimisation -Energy Savings\" \/>\n<meta property=\"og:description\" content=\"Online Application form - Contact our specialists - Personalized service tailored to your needs - Savings\" \/>\n<meta property=\"og:url\" content=\"https:\/\/www.rswoptimisation.ca\/en\/contact-us\/online-quote\/\" \/>\n<meta property=\"og:site_name\" content=\"RSW Optimisation\" \/>\n<meta property=\"article:publisher\" content=\"https:\/\/www.facebook.com\/RSWoptimisation\" \/>\n<meta name=\"twitter:label1\" content=\"Est. reading time\" \/>\n\t<meta name=\"twitter:data1\" content=\"1 minute\" \/>\n<script type=\"application\/ld+json\" class=\"yoast-schema-graph\">{\"@context\":\"https:\/\/schema.org\",\"@graph\":[{\"@type\":\"WebPage\",\"@id\":\"https:\/\/www.rswoptimisation.ca\/en\/contact-us\/online-quote\/\",\"url\":\"https:\/\/www.rswoptimisation.ca\/en\/contact-us\/online-quote\/\",\"name\":\"Online quote - RSW Optimisation -Energy Savings\",\"isPartOf\":{\"@id\":\"https:\/\/www.rswoptimisation.ca\/#website\"},\"primaryImageOfPage\":{\"@id\":\"https:\/\/www.rswoptimisation.ca\/en\/contact-us\/online-quote\/#primaryimage\"},\"image\":{\"@id\":\"https:\/\/www.rswoptimisation.ca\/en\/contact-us\/online-quote\/#primaryimage\"},\"thumbnailUrl\":\"https:\/\/www.rswoptimisation.ca\/wp-content\/uploads\/2020\/01\/Rapports-100.jpg\",\"datePublished\":\"2020-02-17T20:55:06+00:00\",\"description\":\"Online Application form - Contact our specialists - Personalized service tailored to your needs - Savings\",\"breadcrumb\":{\"@id\":\"https:\/\/www.rswoptimisation.ca\/en\/contact-us\/online-quote\/#breadcrumb\"},\"inLanguage\":\"en-US\",\"potentialAction\":[{\"@type\":\"ReadAction\",\"target\":[\"https:\/\/www.rswoptimisation.ca\/en\/contact-us\/online-quote\/\"]}]},{\"@type\":\"ImageObject\",\"inLanguage\":\"en-US\",\"@id\":\"https:\/\/www.rswoptimisation.ca\/en\/contact-us\/online-quote\/#primaryimage\",\"url\":\"https:\/\/www.rswoptimisation.ca\/wp-content\/uploads\/2020\/01\/Rapports-100.jpg\",\"contentUrl\":\"https:\/\/www.rswoptimisation.ca\/wp-content\/uploads\/2020\/01\/Rapports-100.jpg\",\"width\":546,\"height\":562},{\"@type\":\"BreadcrumbList\",\"@id\":\"https:\/\/www.rswoptimisation.ca\/en\/contact-us\/online-quote\/#breadcrumb\",\"itemListElement\":[{\"@type\":\"ListItem\",\"position\":1,\"name\":\"Accueil\",\"item\":\"https:\/\/www.rswoptimisation.ca\/en\/home\/\"},{\"@type\":\"ListItem\",\"position\":2,\"name\":\"Contact us\",\"item\":\"https:\/\/www.rswoptimisation.ca\/en\/contact-us\/\"},{\"@type\":\"ListItem\",\"position\":3,\"name\":\"Online quote\"}]},{\"@type\":\"WebSite\",\"@id\":\"https:\/\/www.rswoptimisation.ca\/#website\",\"url\":\"https:\/\/www.rswoptimisation.ca\/\",\"name\":\"RSW Optimisation\",\"description\":\"Le sp\u00e9cialiste de la gestion de puissance\",\"potentialAction\":[{\"@type\":\"SearchAction\",\"target\":{\"@type\":\"EntryPoint\",\"urlTemplate\":\"https:\/\/www.rswoptimisation.ca\/?s={search_term_string}\"},\"query-input\":{\"@type\":\"PropertyValueSpecification\",\"valueRequired\":true,\"valueName\":\"search_term_string\"}}],\"inLanguage\":\"en-US\"}]}<\/script>\n<!-- \/ Yoast SEO plugin. -->","yoast_head_json":{"title":"Online quote - RSW Optimisation -Energy Savings","description":"Online Application form - Contact our specialists - Personalized service tailored to your needs - Savings","robots":{"index":"index","follow":"follow","max-snippet":"max-snippet:-1","max-image-preview":"max-image-preview:large","max-video-preview":"max-video-preview:-1"},"canonical":"https:\/\/www.rswoptimisation.ca\/en\/contact-us\/online-quote\/","og_locale":"en_US","og_type":"article","og_title":"Online quote - RSW Optimisation -Energy Savings","og_description":"Online Application form - Contact our specialists - Personalized service tailored to your needs - Savings","og_url":"https:\/\/www.rswoptimisation.ca\/en\/contact-us\/online-quote\/","og_site_name":"RSW Optimisation","article_publisher":"https:\/\/www.facebook.com\/RSWoptimisation","twitter_misc":{"Est. reading time":"1 minute"},"schema":{"@context":"https:\/\/schema.org","@graph":[{"@type":"WebPage","@id":"https:\/\/www.rswoptimisation.ca\/en\/contact-us\/online-quote\/","url":"https:\/\/www.rswoptimisation.ca\/en\/contact-us\/online-quote\/","name":"Online quote - RSW Optimisation -Energy Savings","isPartOf":{"@id":"https:\/\/www.rswoptimisation.ca\/#website"},"primaryImageOfPage":{"@id":"https:\/\/www.rswoptimisation.ca\/en\/contact-us\/online-quote\/#primaryimage"},"image":{"@id":"https:\/\/www.rswoptimisation.ca\/en\/contact-us\/online-quote\/#primaryimage"},"thumbnailUrl":"https:\/\/www.rswoptimisation.ca\/wp-content\/uploads\/2020\/01\/Rapports-100.jpg","datePublished":"2020-02-17T20:55:06+00:00","description":"Online Application form - Contact our specialists - Personalized service tailored to your needs - Savings","breadcrumb":{"@id":"https:\/\/www.rswoptimisation.ca\/en\/contact-us\/online-quote\/#breadcrumb"},"inLanguage":"en-US","potentialAction":[{"@type":"ReadAction","target":["https:\/\/www.rswoptimisation.ca\/en\/contact-us\/online-quote\/"]}]},{"@type":"ImageObject","inLanguage":"en-US","@id":"https:\/\/www.rswoptimisation.ca\/en\/contact-us\/online-quote\/#primaryimage","url":"https:\/\/www.rswoptimisation.ca\/wp-content\/uploads\/2020\/01\/Rapports-100.jpg","contentUrl":"https:\/\/www.rswoptimisation.ca\/wp-content\/uploads\/2020\/01\/Rapports-100.jpg","width":546,"height":562},{"@type":"BreadcrumbList","@id":"https:\/\/www.rswoptimisation.ca\/en\/contact-us\/online-quote\/#breadcrumb","itemListElement":[{"@type":"ListItem","position":1,"name":"Accueil","item":"https:\/\/www.rswoptimisation.ca\/en\/home\/"},{"@type":"ListItem","position":2,"name":"Contact us","item":"https:\/\/www.rswoptimisation.ca\/en\/contact-us\/"},{"@type":"ListItem","position":3,"name":"Online quote"}]},{"@type":"WebSite","@id":"https:\/\/www.rswoptimisation.ca\/#website","url":"https:\/\/www.rswoptimisation.ca\/","name":"RSW Optimisation","description":"Le sp\u00e9cialiste de la gestion de puissance","potentialAction":[{"@type":"SearchAction","target":{"@type":"EntryPoint","urlTemplate":"https:\/\/www.rswoptimisation.ca\/?s={search_term_string}"},"query-input":{"@type":"PropertyValueSpecification","valueRequired":true,"valueName":"search_term_string"}}],"inLanguage":"en-US"}]}},"_links":{"self":[{"href":"https:\/\/www.rswoptimisation.ca\/en\/wp-json\/wp\/v2\/pages\/1339","targetHints":{"allow":["GET"]}}],"collection":[{"href":"https:\/\/www.rswoptimisation.ca\/en\/wp-json\/wp\/v2\/pages"}],"about":[{"href":"https:\/\/www.rswoptimisation.ca\/en\/wp-json\/wp\/v2\/types\/page"}],"author":[{"embeddable":true,"href":"https:\/\/www.rswoptimisation.ca\/en\/wp-json\/wp\/v2\/users\/2"}],"replies":[{"embeddable":true,"href":"https:\/\/www.rswoptimisation.ca\/en\/wp-json\/wp\/v2\/comments?post=1339"}],"version-history":[{"count":1,"href":"https:\/\/www.rswoptimisation.ca\/en\/wp-json\/wp\/v2\/pages\/1339\/revisions"}],"predecessor-version":[{"id":1340,"href":"https:\/\/www.rswoptimisation.ca\/en\/wp-json\/wp\/v2\/pages\/1339\/revisions\/1340"}],"up":[{"embeddable":true,"href":"https:\/\/www.rswoptimisation.ca\/en\/wp-json\/wp\/v2\/pages\/1337"}],"wp:featuredmedia":[{"embeddable":true,"href":"https:\/\/www.rswoptimisation.ca\/en\/wp-json\/wp\/v2\/media\/1310"}],"wp:attachment":[{"href":"https:\/\/www.rswoptimisation.ca\/en\/wp-json\/wp\/v2\/media?parent=1339"}],"curies":[{"name":"wp","href":"https:\/\/api.w.org\/{rel}","templated":true}]}}